{"id":52,"date":"2012-05-08T20:06:59","date_gmt":"2012-05-08T17:06:59","guid":{"rendered":"http:\/\/www.laserakupunktio.fi\/?page_id=52"},"modified":"2014-02-05T06:30:48","modified_gmt":"2014-02-05T06:30:48","slug":"laserakupunktion-vaikutukset-3","status":"publish","type":"page","link":"http:\/\/www.laserakupunktio.fi\/se\/for-vilka-besvar\/","title":{"rendered":"F\u00f6r vilka besv\u00e4r?"},"content":{"rendered":"<h1>Hur fungerar laserakupunktur?<\/h1>\n<p>Laserakupunktur eller Msf-rehab l\u00e4mpar sig tack vare akupunkturens m\u00e5nga verkningss\u00e4tt f\u00f6r olika slags problem och besv\u00e4r. Nedan redog\u00f6rs f\u00f6r de problem man kan p\u00e5verka:<\/p>\n<h2>1. Sm\u00e4rtlindring (analgesi)<\/h2>\n<p>Genom att stimulera vissa akpunkturpunkter kan man \u00f6ka de sm\u00e4rtlindrande hormonerna endorfin och enkefalin i kroppen. Behandlingen ger effekt p\u00e5 bla. <strong>sm\u00e4rta i muskler och leder, reuma- och fibromyalgiv\u00e4rk samt f\u00f6r migr\u00e4n och huvudv\u00e4rk. <\/strong><\/p>\n<p><a href=\"http:\/\/www.laserakupunktio.fi\/wp-content\/uploads\/2012\/05\/041.jpg\"><img loading=\"lazy\" decoding=\"async\" class=\"alignright size-full wp-image-87\" title=\"04[1] Sininen valo tulehduksen hoitoon, astmaan ja ysk\u00e4\u00e4n\" src=\"http:\/\/www.laserakupunktio.fi\/wp-content\/uploads\/2012\/05\/041.jpg\" alt=\"Sininen valo esim. poskiontelotulehdukseen\" width=\"150\" height=\"100\" \/><\/a>Med hj\u00e4lp av utrustning s\u00e5som infrar\u00f6tt ljus samt r\u00f6da och bl\u00e5a clusters (&#8220;lampor&#8221;) kan man lugna inflammation och svullnad. Lamporna \u00e4r medicinskt ljus av en viss v\u00e5gl\u00e4ngd. Muskelsp\u00e4nning l\u00f6ses upp med hj\u00e4lp av triggerpunkter. Laserljuset fr\u00e4mjar ocks\u00e5 l\u00e4kningen av benbrott. Se mera info om detta nedan punkt 4.<\/p>\n<p>&nbsp;<\/p>\n<h2>2. Lugnande, sedativ verkan<\/h2>\n<p>Med hj\u00e4lp av akupunktur kan man minska hj\u00e4rnans beta- och thetav\u00e5gor och p\u00e5verka<strong> s\u00f6mnl\u00f6shet, nervositet och ocks\u00e5 hysteri och epilepsi.<br \/>\n<\/strong><\/p>\n<h2>3. Homeostatisk, balanserande verkan<\/h2>\n<p>Genom att balansera sympatiska och parasympatiska nervsystemet samt hormonk\u00f6rtlarnas funktion kan man p\u00e5verka:<\/p>\n<ul>\n<li>hj\u00e4rtfunktionen och blodomloppet och behandla bla. h\u00f6gt eller l\u00e5gt blodtryck samt rytmst\u00f6rningar i hj\u00e4rtat<strong><\/strong><\/li>\n<li><strong>astma, sarkoidos och andra lungsjukdomar<\/strong><strong><\/strong><\/li>\n<li>matsm\u00e4ltningen, bla.<strong> leverfunktionen, luftbesv\u00e4r, irriterad matsm\u00e4ltningskanal, laktosintolerans, celiaki, ulcer\u00f6s kolit samt Crohns sjukdom. <\/strong><\/li>\n<li>de endokrina k\u00f6rtlarnas funktion, tex. <strong>sk\u00f6ldk\u00f6rtelrubbningar &#8211; \u00f6verfunktion och underfunktion, bukspottsk\u00f6rteln &#8211; diabetes, k\u00f6nsk\u00f6rtlarna &#8211; menstruationsbesv\u00e4r, \u00f6verg\u00e5ngsbesv\u00e4r, endometrios samt barnl\u00f6shet. <\/strong>Behandlingen har ocks\u00e5 haft avg\u00f6rande positiv inverkan p\u00e5<strong> Meniers sjukdom, <\/strong>svindelanfallen har blivit lindrigare eller avtar helt.<strong><br \/>\n<\/strong><\/li>\n<\/ul>\n<h2>4. St\u00e4rkande av immunf\u00f6rsvaret<\/h2>\n<p>Akupunktur har en vid antibiotisk inverkan mot virus, bakterier och svampinfektion<strong>. Via akupunkturpunkterna \u00e4r det m\u00f6jligt att \u00f6ka de vita blodkropparna, leukocyterna och st\u00e4rka motst\u00e5ndskraften mot infektioner och influensa.<br \/>\n<\/strong><\/p>\n<p>Bl\u00e5tt ljus har konstaterats ha en antibakteriell och anti-inflammatorisk verkan. Bl\u00e5tt ljus anv\u00e4nds lokalt f\u00f6r problemomr\u00e5den p\u00e5 hyn, tex f\u00f6r behandling av akne, eksem samt f\u00f6r att fr\u00e4mja l\u00e4kningen av s\u00e5r och bens\u00e5r. Med hj\u00e4lp av en bl\u00e5 laserpenna kan man via akupunkturpunkterna p\u00e5verka tex. leverinflammation.<\/p>\n<h2>5. Inverkan p\u00e5 psykiska funktioner<\/h2>\n<p><strong><\/strong>Med hj\u00e4lp av akupunktur kan man direkt p\u00e5verka hj\u00e4rnblodomloppet och hj\u00e4rnans signal\u00e4mnen. Det \u00e4r tex. m\u00f6jligt att \u00f6ka m\u00e4ngden dopamin och stimulera aminosyrornas \u00e4mnesoms\u00e4ttning. Via dessa funktioner kan man p\u00e5verka psykiska besv\u00e4r s\u00e5som<strong> depression, minnesl\u00f6shet, Alzheimers sjukdom, Parkisnons sjukdom och lindrig utvecklingsst\u00f6rning. <\/strong><\/p>\n<h2>6. Motorisk \u00e5terh\u00e4mtning<\/h2>\n<p>En viss typ av elstimuli<strong> fr\u00e4mjar nervfunktionen i en skadad nervbana och fr\u00e4mjar motoneuronernas verksamhet i en skada kroppsdel.<\/strong> Med Msf-rehab har man f\u00e5tt goda resultat vid f\u00f6rlamningstillst\u00e5nd, tex. ansiktsf\u00f6rlaming och behandling av hemiplegi speciellt i akut skede.<\/p>\n<p>Ut\u00f6ver n\u00e4mnda besv\u00e4r har man framg\u00e5ngsrikt behandlat olika typ av allergier samt kunnat st\u00e4rka immunf\u00f6rsvaret och allm\u00e4nkonditionen ocks\u00e5 vid allvarliga sjukdomstillst\u00e5nd som cancer. Laserakupunktur har konstaterats vara helt trygg ocks\u00e5 vid f\u00f6rekomst av cancer.<\/p>\n<p>Genom laserakupunktur kan man behandla och rehabilitera leverns, njurarnas och \u00f6vriga inre organs funktion. Genom att behandla grundorsaken till olika besv\u00e4r \u00e4r det m\u00f6jligt att uppn\u00e5 l\u00e5ngvariga och best\u00e5ende resultat.<\/p>\n<p><strong>Lasern stimulerar cell\u00e4mnesoms\u00e4ttningen, lymfa- och blodcirkulationen \u00f6kar p\u00e5 det omr\u00e5de som behandlas. Med hj\u00e4lp av lasern underl\u00e4ttas cellandningen vilket inverkar p\u00e5 svullnad och inflammation.<br \/>\n<\/strong><\/p>\n<p>I Msf-rehabiliteringen \u00e4r str\u00e4van att utreda grundorsaken till besv\u00e4ren och p\u00e5 detta s\u00e4tt uppn\u00e5 goda resultat. Ett viktigt hj\u00e4lpmedel f\u00f6r att hitta grundorsaken till besv\u00e4ren \u00e4r variationer i akupunkturpunkternas elektriska motst\u00e5nd. Speciellt \u00f6ronbladets akupunkturpunkter ber\u00e4ttar riktgivande uppgifter om olika organs funktioner. Dessutom kan en f\u00f6r\u00e4ndring av kostvanorna vara n\u00f6dv\u00e4ndigt.<\/p>\n<p>&nbsp;<\/p>\n","protected":false},"excerpt":{"rendered":"<p>Hur fungerar laserakupunktur? Laserakupunktur eller Msf-rehab l\u00e4mpar sig tack vare akupunkturens m\u00e5nga verkningss\u00e4tt f\u00f6r olika slags problem och besv\u00e4r. Nedan redog\u00f6rs f\u00f6r de problem man kan p\u00e5verka: 1. Sm\u00e4rtlindring (analgesi) Genom att stimulera vissa akpunkturpunkter kan man \u00f6ka de sm\u00e4rtlindrande hormonerna endorfin och enkefalin i kroppen. Behandlingen ger effekt p\u00e5 bla. sm\u00e4rta i muskler och [&hellip;]<\/p>\n","protected":false},"author":1,"featured_media":0,"parent":0,"menu_order":4,"comment_status":"closed","ping_status":"closed","template":"onecolumn-page.php","meta":{"footnotes":""},"class_list":["post-52","page","type-page","status-publish","hentry"],"_links":{"self":[{"href":"http:\/\/www.laserakupunktio.fi\/se\/wp-json\/wp\/v2\/pages\/52","targetHints":{"allow":["GET"]}}],"collection":[{"href":"http:\/\/www.laserakupunktio.fi\/se\/wp-json\/wp\/v2\/pages"}],"about":[{"href":"http:\/\/www.laserakupunktio.fi\/se\/wp-json\/wp\/v2\/types\/page"}],"author":[{"embeddable":true,"href":"http:\/\/www.laserakupunktio.fi\/se\/wp-json\/wp\/v2\/users\/1"}],"replies":[{"embeddable":true,"href":"http:\/\/www.laserakupunktio.fi\/se\/wp-json\/wp\/v2\/comments?post=52"}],"version-history":[{"count":10,"href":"http:\/\/www.laserakupunktio.fi\/se\/wp-json\/wp\/v2\/pages\/52\/revisions"}],"predecessor-version":[{"id":216,"href":"http:\/\/www.laserakupunktio.fi\/se\/wp-json\/wp\/v2\/pages\/52\/revisions\/216"}],"wp:attachment":[{"href":"http:\/\/www.laserakupunktio.fi\/se\/wp-json\/wp\/v2\/media?parent=52"}],"curies":[{"name":"wp","href":"https:\/\/api.w.org\/{rel}","templated":true}]}}