{"id":4,"date":"2012-05-08T09:51:59","date_gmt":"2012-05-08T06:51:59","guid":{"rendered":"http:\/\/www.laserakupunktio.fi\/?page_id=4"},"modified":"2025-04-16T07:22:19","modified_gmt":"2025-04-16T07:22:19","slug":"etusivu","status":"publish","type":"page","link":"http:\/\/www.laserakupunktio.fi\/se\/","title":{"rendered":"V\u00e4lkommen!"},"content":{"rendered":"<p><strong>OBS! Mottagning i Karleby, Kaustby och Korsholm, se kontaktuppgifter!<\/strong><\/p>\n<p>Laserakupunktur Annika erbjuder Msf-rehab, vilket inneb\u00e4r laserakupunktur, elstimulering och rehabilitering med hj\u00e4lp av kosten och kost-tillskott. <a href=\"http:\/\/www.laserakupunktio.fi\/wp-content\/uploads\/2012\/05\/ty\u00f6kuva2-300x2251.jpg\"><img loading=\"lazy\" decoding=\"async\" class=\"alignright size-full wp-image-181\" title=\"I laserakupunkturbehandlingen anv\u00e4nds punkter p\u00e5 huden - inga n\u00e5lar\" src=\"http:\/\/www.laserakupunktio.fi\/wp-content\/uploads\/2012\/05\/ty\u00f6kuva2-300x2251.jpg\" alt=\"Sm\u00e4rtfri laserakupunktur\" width=\"300\" height=\"225\" \/><\/a>Behandlingen \u00e4r en form av akupunktur utan n\u00e5lar, d\u00e4r n\u00e5larna ers\u00e4tts med v\u00e5rdande laser samt l\u00e5gimpuls elstr\u00f6m. J\u00e4msides med behandlingen anv\u00e4nds \u00f6rter och vitaminer f\u00f6r att p\u00e5verka h\u00e4lsotillst\u00e5ndet. Msf-rehab \u00e4r en f\u00f6rkortning av <a title=\"Laserakupunktion tausta, svenska\" href=\"http:\/\/www.laserakupunktio.fi\/laserakupunktion-tausta\/\"><strong>M\u00e4kel\u00e4n s\u00e4hk\u00f6fysiologinen kuntoutus, elektrofysiologisk behandling.<\/strong><\/a> P\u00e5 mottagningarna i Kaustby och Vasa finns \u00e4ven till salu naturliga kost-tillskott, s\u00e5som tex. LR-Aloevera vitaldryck, Colostrum direkt, osv.<strong><a href=\"http:\/\/www.lrworld.com\" target=\"_blank\" rel=\"noopener\"> L\u00e4s mera om LR:s produkter.<\/a><\/strong><\/p>\n<p>Laserakupunkturen aktiverar kroppens eget sj\u00e4lvl\u00e4kningssystem och startar reaktioner, bla. f\u00f6rb\u00e4ttras musklernas syreupptagningsf\u00f6rm\u00e5ga och mikroblodcirkulation. Behandlingen fr\u00e4mjar ocks\u00e5 l\u00e4kningen av inflammation i v\u00e4vnaderna.<strong><a title=\"Laserakupunktur\" href=\"http:\/\/www.laserakupunktio.fi\/laserakupunktion-tausta\/\"> Klicka h\u00e4r f\u00f6r mera info om f\u00f6rdelarna med laserakupunktur.<\/a><\/strong><\/p>\n<h5>F\u00f6r vilka besv\u00e4r?<\/h5>\n<ul>\n<li>bla. sm\u00e4rta, v\u00e4rk, fibromyalgi, reuma, iskiasbesv\u00e4r samt \u00f6vriga ryggbesv\u00e4r<\/li>\n<li>migr\u00e4n och huvudv\u00e4rk<\/li>\n<li>\u00f6verg\u00e5ngsbesv\u00e4r, mensv\u00e4rk, endometrios samt som st\u00f6dbehandling vid barnl\u00f6shet<\/li>\n<li>sk\u00f6ldk\u00f6rtelrubbningar och struma<\/li>\n<li>s\u00f6mnl\u00f6shet<\/li>\n<li>matsm\u00e4ltningsbesv\u00e4r och tarminflammation<\/li>\n<li>inflammation, nedsatt immunf\u00f6rsvar och svagt allm\u00e4ntillst\u00e5nd, allergi, astma<\/li>\n<li>problem med benfunktionen: neuropati, nervv\u00e4rk, d\u00e5lig blodcirkulation i benen, \u00e5derbrock, bens\u00e5r, k\u00e4nselbortfall, f\u00f6rlamningstillst\u00e5nd, osv.<\/li>\n<li><a title=\"Mihin vaivoihin?\" href=\"http:\/\/www.laserakupunktio.fi\/laserakupunktion-vaikutukset-3\/\">l\u00e4s mera om laserkapunkturens verkningss\u00e4tt<\/a><\/li>\n<\/ul>\n<p><a href=\"http:\/\/www.laserakupunktio.fi\/wp-content\/uploads\/2012\/05\/ny-broschyr-svenska-2012.pdf\" target=\"_blank\" rel=\"noopener\"><strong>Broschyr<\/strong> om laserakupunktur i pdf-format att printa ut<\/a><\/p>\n<p><strong>Stig p\u00e5 till mottagningen:<\/strong> <strong>video<\/strong> <strong>om laserakupunkturen steg f\u00f6r steg<\/strong><\/p>\n<p><iframe loading=\"lazy\" src=\"http:\/\/www.youtube.com\/embed\/fWkObPTpMMU?rel=0\" width=\"640\" height=\"360\" frameborder=\"0\"><\/iframe><\/p>\n","protected":false},"excerpt":{"rendered":"<p>OBS! Mottagning i Karleby, Kaustby och Korsholm, se kontaktuppgifter! Laserakupunktur Annika erbjuder Msf-rehab, vilket inneb\u00e4r laserakupunktur, elstimulering och rehabilitering med hj\u00e4lp av kosten och kost-tillskott. Behandlingen \u00e4r en form av akupunktur utan n\u00e5lar, d\u00e4r n\u00e5larna ers\u00e4tts med v\u00e5rdande laser samt l\u00e5gimpuls elstr\u00f6m. J\u00e4msides med behandlingen anv\u00e4nds \u00f6rter och vitaminer f\u00f6r att p\u00e5verka h\u00e4lsotillst\u00e5ndet. Msf-rehab \u00e4r [&hellip;]<\/p>\n","protected":false},"author":1,"featured_media":0,"parent":0,"menu_order":0,"comment_status":"closed","ping_status":"closed","template":"onecolumn-page.php","meta":{"footnotes":""},"class_list":["post-4","page","type-page","status-publish","hentry"],"_links":{"self":[{"href":"http:\/\/www.laserakupunktio.fi\/se\/wp-json\/wp\/v2\/pages\/4","targetHints":{"allow":["GET"]}}],"collection":[{"href":"http:\/\/www.laserakupunktio.fi\/se\/wp-json\/wp\/v2\/pages"}],"about":[{"href":"http:\/\/www.laserakupunktio.fi\/se\/wp-json\/wp\/v2\/types\/page"}],"author":[{"embeddable":true,"href":"http:\/\/www.laserakupunktio.fi\/se\/wp-json\/wp\/v2\/users\/1"}],"replies":[{"embeddable":true,"href":"http:\/\/www.laserakupunktio.fi\/se\/wp-json\/wp\/v2\/comments?post=4"}],"version-history":[{"count":2,"href":"http:\/\/www.laserakupunktio.fi\/se\/wp-json\/wp\/v2\/pages\/4\/revisions"}],"predecessor-version":[{"id":230,"href":"http:\/\/www.laserakupunktio.fi\/se\/wp-json\/wp\/v2\/pages\/4\/revisions\/230"}],"wp:attachment":[{"href":"http:\/\/www.laserakupunktio.fi\/se\/wp-json\/wp\/v2\/media?parent=4"}],"curies":[{"name":"wp","href":"https:\/\/api.w.org\/{rel}","templated":true}]}}