{"id":39,"date":"2012-05-08T14:52:28","date_gmt":"2012-05-08T11:52:28","guid":{"rendered":"http:\/\/www.laserakupunktio.fi\/?page_id=39"},"modified":"2014-02-04T17:28:09","modified_gmt":"2014-02-04T17:28:09","slug":"laserakupunktio","status":"publish","type":"page","link":"http:\/\/www.laserakupunktio.fi\/se\/laserakupunktur\/","title":{"rendered":"Laserakupunktur"},"content":{"rendered":"<h1>Bakgrunden till Laserakupunktur eller Msf-rehab<\/h1>\n<p>Dr. Acup. Reijo M\u00e4kel\u00e4 p\u00e5b\u00f6rjade utvecklandet av Msf-rehabiliteringsmetoden och till den h\u00f6rande laserakupunkturen p\u00e5 1970-talet d\u00e5 han verkade som forskare p\u00e5 h\u00e4lsov\u00e5rdsministeriet i Australien. Behandlingsmetoden kom till Finland p\u00e5 1980-talet. Reijo M\u00e4kel\u00e4s dotter Prof. Anu M\u00e4kel\u00e4 har fortsatt forskningsarbetet samt vidareutvecklingen av v\u00e5rdmetoden tillsammans med forskare som bla. Levon Gasparayan, D.M. Ph.D. Helium-neon laser, vilken anv\u00e4nds i behandlingen, har varit f\u00f6rem\u00e5l f\u00f6r stort intresse inom forskningen. Laserakupunktur-apparaturen utvecklas kontinuerligt i takt med att forskningen framskrider, ny till\u00e4ggsapparatur har blivit tillg\u00e4nglig under de senaste \u00e5ren. Grundfunktionen i behandlingen \u00e4r dock den samma \u00e4nnu idag. I Msf-rehabiliteringen anv\u00e4nds en Elaps-apparat, vilken ger l\u00e5gimpuls elstr\u00f6m samt helium-laserstr\u00e5le fr\u00e5n samma &#8220;penna&#8221;. Detta har vid j\u00e4mf\u00f6relse visat sig ge \u00f6verl\u00e4gset b\u00e4st effekt f\u00f6r stimuli av akupunkturpunkter. V\u00e5rdmetoden har i en del vetenskapliga kretsar kallats f\u00f6r en av \u00e5rhundradets mest betydande medicinska r\u00f6n.<\/p>\n<h1><span style=\"color: #339966;\">F\u00f6rdelar med laserakupunktur<br \/>\n<\/span><\/h1>\n<ul>\n<li>Under behandlingen anv\u00e4nds inga n\u00e5lar, akupunkturpunkterna stimuleras via huden.<\/li>\n<li>Stimuleringen av akupunkturpunkterna \u00e4r mycket exakt, eftersom Elaps-utrustningen ger utslag och bekr\u00e4ftar d\u00e5 pennans laserstr\u00e5le hittar en punkt. Detta baserar sig p\u00e5 ett elektriskt motst\u00e5nd i akpunkturpunkterna.<\/li>\n<li>Behandlingen \u00e4r l\u00e4mplig f\u00f6r personer i alla \u00e5ldrar.<\/li>\n<li>Kliniskt unders\u00f6kt, trygg och effektiv.<\/li>\n<\/ul>\n<p>&nbsp;<\/p>\n","protected":false},"excerpt":{"rendered":"<p>Bakgrunden till Laserakupunktur eller Msf-rehab Dr. Acup. Reijo M\u00e4kel\u00e4 p\u00e5b\u00f6rjade utvecklandet av Msf-rehabiliteringsmetoden och till den h\u00f6rande laserakupunkturen p\u00e5 1970-talet d\u00e5 han verkade som forskare p\u00e5 h\u00e4lsov\u00e5rdsministeriet i Australien. Behandlingsmetoden kom till Finland p\u00e5 1980-talet. Reijo M\u00e4kel\u00e4s dotter Prof. Anu M\u00e4kel\u00e4 har fortsatt forskningsarbetet samt vidareutvecklingen av v\u00e5rdmetoden tillsammans med forskare som bla. Levon Gasparayan, [&hellip;]<\/p>\n","protected":false},"author":1,"featured_media":0,"parent":0,"menu_order":5,"comment_status":"closed","ping_status":"closed","template":"","meta":{"footnotes":""},"class_list":["post-39","page","type-page","status-publish","hentry"],"_links":{"self":[{"href":"http:\/\/www.laserakupunktio.fi\/se\/wp-json\/wp\/v2\/pages\/39","targetHints":{"allow":["GET"]}}],"collection":[{"href":"http:\/\/www.laserakupunktio.fi\/se\/wp-json\/wp\/v2\/pages"}],"about":[{"href":"http:\/\/www.laserakupunktio.fi\/se\/wp-json\/wp\/v2\/types\/page"}],"author":[{"embeddable":true,"href":"http:\/\/www.laserakupunktio.fi\/se\/wp-json\/wp\/v2\/users\/1"}],"replies":[{"embeddable":true,"href":"http:\/\/www.laserakupunktio.fi\/se\/wp-json\/wp\/v2\/comments?post=39"}],"version-history":[{"count":1,"href":"http:\/\/www.laserakupunktio.fi\/se\/wp-json\/wp\/v2\/pages\/39\/revisions"}],"predecessor-version":[{"id":204,"href":"http:\/\/www.laserakupunktio.fi\/se\/wp-json\/wp\/v2\/pages\/39\/revisions\/204"}],"wp:attachment":[{"href":"http:\/\/www.laserakupunktio.fi\/se\/wp-json\/wp\/v2\/media?parent=39"}],"curies":[{"name":"wp","href":"https:\/\/api.w.org\/{rel}","templated":true}]}}