{"id":10,"date":"2012-05-08T10:18:13","date_gmt":"2012-05-08T07:18:13","guid":{"rendered":"http:\/\/www.laserakupunktio.fi\/?page_id=10"},"modified":"2014-02-04T17:47:45","modified_gmt":"2014-02-04T17:47:45","slug":"hoitajasi","status":"publish","type":"page","link":"http:\/\/www.laserakupunktio.fi\/se\/annika-fors\/","title":{"rendered":"Annika Fors"},"content":{"rendered":"<p>Annika Fors blev  utexaminerad Msf-terapeut fr\u00e5n Aber-Institute (Acupuncture and Bioenergy Research Institute) i Helsingfors \u00e5r 2005 efter fyra \u00e5rs studier. I studierna ingick \u00e4mnen s\u00e5som akupunktur, anatomi, fysiologi, n\u00e4ringsl\u00e4ra, biokemi, neurologi, endokrinologi samt inre medicin. Prof. Anu M\u00e4kel\u00e4 ansvarade f\u00f6r utbildningen. Anu M\u00e4kel\u00e4 \u00e4r doktor i naturvetenskaper (biokemi), n\u00e4ringsl\u00e4ra, alternativ medicin samt traditionell kinesisk medicin. Hennes breda kunskapsbas ger en kvalitativ grund f\u00f6r utbildningen, som str\u00e4cker sig \u00f6ver flera vetenskapsomr\u00e5den. Anu M\u00e4kel\u00e4 \u00e4r en efterfr\u00e5gad f\u00f6rel\u00e4sare p\u00e5 internationella akupunktur- och laserkongresser. <\/p>\n<p>Annika Fors har ocks\u00e5 n\u00e4rv\u00e5rdarutbildning samt fem \u00e5rs erfarenhet av arbete p\u00e5 h\u00e4lsocentralavdelning. From. \u00e5r 2004 har hon jobbat heltid med sitt f\u00f6retag inom friskv\u00e5rd. Annika Fors har deltagit regelbundet i fortbildningsstudier vid Aber-Institute f\u00f6r att uppeh\u00e5lla yrkeskunskapen och vidareutvecklas i arbetet som Msf-terapeut.<\/p>\n","protected":false},"excerpt":{"rendered":"<p>Annika Fors blev utexaminerad Msf-terapeut fr\u00e5n Aber-Institute (Acupuncture and Bioenergy Research Institute) i Helsingfors \u00e5r 2005 efter fyra \u00e5rs studier. I studierna ingick \u00e4mnen s\u00e5som akupunktur, anatomi, fysiologi, n\u00e4ringsl\u00e4ra, biokemi, neurologi, endokrinologi samt inre medicin. Prof. Anu M\u00e4kel\u00e4 ansvarade f\u00f6r utbildningen. Anu M\u00e4kel\u00e4 \u00e4r doktor i naturvetenskaper (biokemi), n\u00e4ringsl\u00e4ra, alternativ medicin samt traditionell kinesisk medicin. [&hellip;]<\/p>\n","protected":false},"author":1,"featured_media":0,"parent":0,"menu_order":0,"comment_status":"closed","ping_status":"open","template":"","meta":{"footnotes":""},"class_list":["post-10","page","type-page","status-publish","hentry"],"_links":{"self":[{"href":"http:\/\/www.laserakupunktio.fi\/se\/wp-json\/wp\/v2\/pages\/10","targetHints":{"allow":["GET"]}}],"collection":[{"href":"http:\/\/www.laserakupunktio.fi\/se\/wp-json\/wp\/v2\/pages"}],"about":[{"href":"http:\/\/www.laserakupunktio.fi\/se\/wp-json\/wp\/v2\/types\/page"}],"author":[{"embeddable":true,"href":"http:\/\/www.laserakupunktio.fi\/se\/wp-json\/wp\/v2\/users\/1"}],"replies":[{"embeddable":true,"href":"http:\/\/www.laserakupunktio.fi\/se\/wp-json\/wp\/v2\/comments?post=10"}],"version-history":[{"count":3,"href":"http:\/\/www.laserakupunktio.fi\/se\/wp-json\/wp\/v2\/pages\/10\/revisions"}],"predecessor-version":[{"id":208,"href":"http:\/\/www.laserakupunktio.fi\/se\/wp-json\/wp\/v2\/pages\/10\/revisions\/208"}],"wp:attachment":[{"href":"http:\/\/www.laserakupunktio.fi\/se\/wp-json\/wp\/v2\/media?parent=10"}],"curies":[{"name":"wp","href":"https:\/\/api.w.org\/{rel}","templated":true}]}}